{"id":115,"date":"2015-09-06T20:32:34","date_gmt":"2015-09-06T18:32:34","guid":{"rendered":"http:\/\/dev.kindersprache.ch\/?page_id=115"},"modified":"2017-03-26T21:14:59","modified_gmt":"2017-03-26T19:14:59","slug":"buechertipps","status":"publish","type":"page","link":"http:\/\/kindersprache.ch\/index.php\/buechertipps\/","title":{"rendered":"B\u00fcchertipps"},"content":{"rendered":"<h1>Literaturliste f\u00fcr Eltern<\/h1>\n<p><strong>Elternratgeber Sprache:<\/strong><\/p>\n<p>Reise in die Welt der Sprache. Eggnauer, G. (2016)<br \/>\nDer Spracherwerb der ersten drei Lebensjahre in acht Etappen. Jede der acht Etappen beinhaltet die drei Bereiche Beziehung, Spiel und Kommunikation. Diese drei Bereiche beeinflussen sich beim Spracherwerb gegenseitig.<br \/>\nGr\u00e4nichen: Gabriela Eggnauer<\/p>\n<p>So lernen Kinder richtig sprechen.\u00a0Ross, G. (2000).<br \/>\nRatgeber f\u00fcr Eltern mit grossem Praxisteil.<br \/>\nM\u00fcnchen: PattlochVerlag<\/p>\n<p>Eltern-Ratgeber Sprachtherapie.\u00a0Braun, W., B\u00fccklein, T., Reisch, A. &amp; Rotmann, A. (1999).<br \/>\nDie h\u00e4ufigsten Elternfragen zu Sprachauff\u00e4lligkeiten bei Kindern praxisnah, anschaulich und verst\u00e4ndlich erkl\u00e4rt.<br \/>\nKonstanz: Trialogo Verlag<\/p>\n<p>So lernt\u00a0 mein Kind richtig sprechen.\u00a0Dietenmeier, M. (2002).<br \/>\nBerlin: Urania Verlag<\/p>\n<p>So lernen Kinder sprechen.\u00a0Br\u00fcgge, W., Mohs, K. &amp; Richter, E. (2005).<br \/>\nDie normale und die gest\u00f6rte Sprachentwicklung<br \/>\nM\u00fcnchen: Ernst Reinhardt Verlag<\/p>\n<p>\u201eIch sag doch Lollmops!\u201c\u00a0D\u00fcmler, R. &amp; J\u00e4cklein, M. (2005).<br \/>\nKindern mit Aussprachest\u00f6rungen helfen.<br \/>\nM\u00fcnchen: K\u00f6sel Verlag<\/p>\n<p>Wie Kinder leichter sprechen lernen.\u00a0Kurt, W. (2000).<br \/>\nFreiburg i. Br.: Herder Verlag<\/p>\n<p>Hasen hoppeln \u00fcber Stoppeln.\u00a0Nitsch, K. (2000).<br \/>\nM\u00fcnchen: Mosaik Verlag<\/p>\n<p><strong>Elternratgeber, die auf eine spezielle St\u00f6rung ausgerichtet sind:<\/strong><\/p>\n<p>Myofunktionelle St\u00f6rungen.\u00a0Kittel, A. M. (2006).<br \/>\nEin Ratgeber f\u00fcr Eltern und erwachsene Betroffene.<br \/>\nIdstein: Schulz-Kirchner Verlag<\/p>\n<p>Mutismus im Kindes-, Jugend-, und Erwachsenenalter.\u00a0Hartmann, B. &amp; Lange, M. (2005) F\u00fcr Ratgeber f\u00fcr Angehh\u00f6rige, Betroffene sowie therapeutische und p\u00e4dagogische Berufe<br \/>\nIdstein: Schulz- Kirchner Verlag GmbH<\/p>\n<p>Auditive Verarbeitungs- und Wahrnehmungsst\u00f6rung im Kindesalter<br \/>\nRatgeber f\u00fcr Angeh\u00f6rige und Betroffene sowie Fachleute<br \/>\nIdstein: Schulz- Kirchner Verlag GmbH<\/p>\n<p>Kinder mit Wahrnehmungsst\u00f6rungen<br \/>\nRatgeber f\u00fcr Angeh\u00f6rige und Betroffene sowie Fachleute<br \/>\nIdstein: Schulz- Kirchner Verlag GmbH<\/p>\n<p>Kindliche Aussprachest\u00f6rungen<br \/>\nRatgeber f\u00fcr Angeh\u00f6rige und Betroffene sowie Fachleute<br \/>\nIdstein: Schulz- Kirchner Verlag GmbH<\/p>\n<p>Kindliche Stimmst\u00f6rungen<br \/>\nRatgeber f\u00fcr Angeh\u00f6rige und Betroffene sowie Fachleute<br \/>\nIdstein: Schulz- Kirchner Verlag GmbH<\/p>\n<p>LKGS-Spalten &#8211; Lippen-Kiefer-Gaumen-Segel-Spalten<br \/>\nRatgeber f\u00fcr Angeh\u00f6rige und Betroffene sowie Fachleute<br \/>\nIdstein: Schulz- Kirchner Verlag GmbH<\/p>\n<p>Mundtherapie bei Morbus Down<br \/>\nRatgeber f\u00fcr Angeh\u00f6rige und Betroffene sowie Fachleute<br \/>\nIdstein: Schulz- Kirchner Verlag GmbH<\/p>\n<p>Singen und Stimme<br \/>\nRatgeber f\u00fcr Angeh\u00f6rige und Betroffene sowie Fachleute<br \/>\nIdstein: Schulz- Kirchner Verlag GmbH<\/p>\n<p>Stimme und Stimmhygiene<br \/>\nRatgeber f\u00fcr Angeh\u00f6rige und Betroffene sowie Fachleute<br \/>\nIdstein: Schulz- Kirchner Verlag GmbH<\/p>\n<p>Stottern bei Kindern<br \/>\nRatgeber f\u00fcr Angeh\u00f6rige und Betroffene sowie Fachleute<br \/>\nIdstein: Schulz- Kirchner Verlag GmbH<\/p>\n<p>Sprechapraxie<br \/>\nRatgeber f\u00fcr Angeh\u00f6rige und Betroffene sowie Fachleute<br \/>\nIdstein: Schulz- Kirchner Verlag GmbH<\/p>\n<p>Unterst\u00fctzte Kommunikation<br \/>\nRatgeber f\u00fcr Angeh\u00f6rige und Betroffene sowie Fachleute<br \/>\nIdstein: Schulz- Kirchner Verlag GmbH<\/p>\n<p><strong>Ideenb\u00fccher:<\/strong><\/p>\n<p>Sprachlust \u2013 die Sprache sinnlich-sch\u00f6pferisch erweitern.\u00a0Hidber, F., Kurer, F., Matter, S., Wydler, E., Meier, E. (2009)<br \/>\nMit kleinen Kindern die Spielwiese der Sprache entdecken<br \/>\nSpielgruppen LEAD, Elternbildung, Kontakt:\u00a0www.spielgruppenLEAD.ch<br \/>\nSpiele und Lieder f\u00fcr den Kindergarten.\u00a0Wolff, F. (1990).<br \/>\nZ\u00fcrich: Verlag der Schul- und B\u00fcromaterialverwatlung der Stadt Z\u00fcrich<\/p>\n<p>Der Tausendf\u00fcssler.\u00a0B\u00e4chli, G. (1977).<br \/>\nSpiellieder, Tanzlieder, Lernlieder, Lieder zum Darstellen<br \/>\nZ\u00fcrich: Musikverlag zum Pelikan<\/p>\n<p>Viele kleine Streichelh\u00e4nde, Kinder massieren Kinder.\u00a0Seyffert, S. (1998).<br \/>\nMassagen und Entspannungs\u00fcbungen mit Spielgeschichten und Liedern<br \/>\nM\u00fcnster: Menschenskinder Verlag<\/p>\n<p>Spielen und Sprechen.\u00a0St\u00f6cklin- Meier, S. (1995).<br \/>\nVerse- Reime- Spielgeschichten<br \/>\nZ\u00fcrich: Verlag Pro juventute<\/p>\n<p>*Tipp: Kinderlieder gibt es auf CD zu kaufen (auch in Schweizerdeutsch).<br \/>\nDie meisten Kinderbuchl\u00e4den f\u00fchren solche CDs in ihrem Sortiment.<\/p>\n","protected":false},"excerpt":{"rendered":"<p>Literaturliste f\u00fcr Eltern Elternratgeber Sprache: Reise in die Welt der Sprache. Eggnauer, G. (2016) Der Spracherwerb der ersten drei Lebensjahre in acht Etappen. Jede der acht Etappen beinhaltet die drei Bereiche Beziehung, Spiel und Kommunikation. Diese drei Bereiche beeinflussen sich beim Spracherwerb gegenseitig. Gr\u00e4nichen: Gabriela Eggnauer So lernen Kinder richtig sprechen.\u00a0Ross, G. (2000). Ratgeber f\u00fcr [&hellip;]<\/p>\n","protected":false},"author":1,"featured_media":0,"parent":0,"menu_order":0,"comment_status":"closed","ping_status":"closed","template":"","meta":{"footnotes":""},"class_list":["post-115","page","type-page","status-publish","hentry"],"_links":{"self":[{"href":"http:\/\/kindersprache.ch\/index.php\/wp-json\/wp\/v2\/pages\/115","targetHints":{"allow":["GET"]}}],"collection":[{"href":"http:\/\/kindersprache.ch\/index.php\/wp-json\/wp\/v2\/pages"}],"about":[{"href":"http:\/\/kindersprache.ch\/index.php\/wp-json\/wp\/v2\/types\/page"}],"author":[{"embeddable":true,"href":"http:\/\/kindersprache.ch\/index.php\/wp-json\/wp\/v2\/users\/1"}],"replies":[{"embeddable":true,"href":"http:\/\/kindersprache.ch\/index.php\/wp-json\/wp\/v2\/comments?post=115"}],"version-history":[{"count":4,"href":"http:\/\/kindersprache.ch\/index.php\/wp-json\/wp\/v2\/pages\/115\/revisions"}],"predecessor-version":[{"id":422,"href":"http:\/\/kindersprache.ch\/index.php\/wp-json\/wp\/v2\/pages\/115\/revisions\/422"}],"wp:attachment":[{"href":"http:\/\/kindersprache.ch\/index.php\/wp-json\/wp\/v2\/media?parent=115"}],"curies":[{"name":"wp","href":"https:\/\/api.w.org\/{rel}","templated":true}]}}