{"id":22,"date":"2015-08-31T21:32:25","date_gmt":"2015-08-31T19:32:25","guid":{"rendered":"http:\/\/dev.kindersprache.ch\/?page_id=22"},"modified":"2015-09-12T22:39:40","modified_gmt":"2015-09-12T20:39:40","slug":"andere-entwicklungsbereiche","status":"publish","type":"page","link":"http:\/\/kindersprache.ch\/index.php\/andere-entwicklungsbereiche\/","title":{"rendered":"Andere Entwicklungsbereiche"},"content":{"rendered":"<div>Die Sprachentwicklung ist eingebunden in die Gesamtentwicklung des Kindes.<\/div>\n<div>Die verschiedenen Entwicklungsbereiche beeinflussen einander und lassen sich deshalb nicht strikt voneinander trennen.<\/div>\n<p>Wichtige Voraussetzungen f\u00fcr die Sprachentwicklung sind:<\/p>\n<p><strong>Das H\u00f6rverm\u00f6gen:<\/strong><br \/>\nH\u00f6rt das Kind schlecht, so kann es Sprache nicht nachahmen.<br \/>\nKinder erwerben ihre ersten W\u00f6rter, indem sie die \u00c4usserungen des Umfelds wiederholen.<\/p>\n<p><strong>Organische Voraussetzungen:<\/strong><br \/>\nWir sprechen mit dem Hals-Nasen-Rachenraum und mit dem Kehlkopf.<br \/>\nHat das Kind an diesen Stellen eine Sch\u00e4digung, so kann es Schwierigkeiten haben, das Sprechen zu erlernen.<\/p>\n<p><strong>Die Motorik (Muskelbewegung):<\/strong><br \/>\nZum Sprechen ben\u00f6tigen wir eine gut entwickelte Mundmotorik. Diese F\u00e4higkeit entwickelt sich bereits in der Zeit der Lallperioden, in der der S\u00e4ugling das Zusammenspiel der Muskeln \u00fcbt, die zum Sprechen notwendig sind.<\/p>\n<p><strong>Die Wahrnehmung:<\/strong><br \/>\nDas Kind muss seine Umwelt erfahren und wahrnehmen k\u00f6nnen.<br \/>\nEindr\u00fccke m\u00fcssen im Gehirn verarbeitet und miteinander in Verbindung gebracht werden k\u00f6nnen. Dies ist f\u00fcr die Entwicklung des Kindes von grosser Bedeutung.<\/p>\n<p>Die Wahrnehmung wird in vier Bereiche aufgeteilt:<\/p>\n<p><em>Visuelle Wahrnehmung:<\/em><br \/>\nDas Kind kann Gegenst\u00e4nde sehen und verarbeiten. Es erkennt Formen, Farben und verschiedene Gr\u00f6ssen und kann diese einordnen (z.B. kann es einen Apfel auf einem Teller als etwas Essbares erkennen).<br \/>\n<span style=\"text-decoration: underline;\">Bezug zur Sprachentwicklung:<\/span> Das Kind kann u.a. Mimik oder eine Sprechbewegungen sehen und nachahmen.<\/p>\n<p><em>Auditive Wahrnehmung:<\/em><br \/>\nDas Kind kann ein Ger\u00e4usch, einen Laut oder ein Wort h\u00f6ren und verarbeiten.<br \/>\n<span style=\"text-decoration: underline;\">Bezug zur Sprachentwicklung:<\/span> Das Kind kann Laute und W\u00f6rter h\u00f6ren, zusammenf\u00fcgen und wiedererkennen.<\/p>\n<p><em>Taktil- kin\u00e4sthetische Wahrnehmung:<\/em><br \/>\nDas Kind kann etwas mit dem K\u00f6rper f\u00fchlen und diese Reize verarbeiten.<br \/>\n(Es geht mit Gegenst\u00e4nden angemessen um.)<\/p>\n<p><em>Propriozeptive Wahrnehmung:<\/em><br \/>\nDas Kind nimmt die Stellung und Bewegung seiner Muskeln wahr.<br \/>\n(Sicherer Gang, Gleichgewicht halten, etc.)<\/p>\n<p><strong>Kognition (Denken, Ged\u00e4chtnis):<\/strong><br \/>\nDas Kind kann Erfahrungen im Ged\u00e4chtnis speichern und Bekanntes wiedererkennen.<br \/>\nEs baut ein Vorstellungsverm\u00f6gen auf.<br \/>\nEs lernt, \u00e4hnliche Sachverhalte miteinander zu verbinden und zu kategorisieren (Hund und Pferd = Tier).<br \/>\nDas Kind lernt zunehmend, seine Handlungen zu planen und das Ergebnis einer Handlung abzusch\u00e4tzen.<\/p>\n<p>Hat das Kind ein Wort gelernt, so kann es von einem Gegenstand sprechen, auch wenn dieser nicht da ist (z.B. braucht es nicht mehr einen Ball zu sehen, sondern kann sich einen Ball vorstellen und das entsprechende Wort dazu nennen, \u201eBall\u201c).<br \/>\nDieses innere Bild, das Vorstellungverm\u00f6gen, ist eine wichtige Voraussetzung f\u00fcr die weitere sprachliche Entwicklung des Kindes.<\/p>\n<p><strong>Das Spiel:<\/strong><br \/>\nIm Spiel lernt das Kind seine Umwelt kennen und setzt sich mit dieser auseinander. Es macht neue Erfahrungen, die es auf andere Situationen \u00fcbertragen kann (z.B. lernt das Kind im Spiel mit Kl\u00f6tzen auf verschiedene Arten Gr\u00f6ssen, Gewichte und physikalische Gesetze kennen).<br \/>\nDas Spiel ist f\u00fcr das Kind eine sehr wichtige T\u00e4tigkeit, auf die es sich voll und ganz konzentriert.<\/p>\n<ul class=\"articleLinkInternal\">\n<li class=\"teaser\"><a href=\"http:\/\/kindersprache.ch\/index.php\/spielentwicklung\/\">Spielentwicklung<\/a><\/li>\n<\/ul>\n<p>&nbsp;<\/p>\n<p><strong>Umweltbedingungen:<\/strong><br \/>\nDie Entwicklung des Kindes wird von der Umwelt massgebend beeinflusst.<br \/>\nDas Kind braucht das Gef\u00fchl der Geborgenheit und Liebe, damit es sich frei entwickeln kann.<br \/>\nDas kleine Kind versteht vielleicht noch nicht den Sinn der W\u00f6rter, nimmt aber Tonfall, Stimmklang und Ber\u00fchrungen wahr. Es empfindet die Zuwendung, wenn liebevoll mit ihm gesprochen wird.<br \/>\nDas Sozialverhalten des Kindes entwickelt sich in der Auseinandersetzung mit seiner Umwelt.<br \/>\nDurch Sprachvorbilder lernt das Kind mit seiner Umwelt zu kommunizieren.<br \/>\nEs \u00fcbernimmt die Umgangsformen seiner Mitmenschen.<\/p>\n","protected":false},"excerpt":{"rendered":"<p>Die Sprachentwicklung ist eingebunden in die Gesamtentwicklung des Kindes. Die verschiedenen Entwicklungsbereiche beeinflussen einander und lassen sich deshalb nicht strikt voneinander trennen. Wichtige Voraussetzungen f\u00fcr die Sprachentwicklung sind: Das H\u00f6rverm\u00f6gen: H\u00f6rt das Kind schlecht, so kann es Sprache nicht nachahmen. Kinder erwerben ihre ersten W\u00f6rter, indem sie die \u00c4usserungen des Umfelds wiederholen. Organische Voraussetzungen: Wir [&hellip;]<\/p>\n","protected":false},"author":1,"featured_media":0,"parent":0,"menu_order":0,"comment_status":"closed","ping_status":"closed","template":"","meta":{"footnotes":""},"class_list":["post-22","page","type-page","status-publish","hentry"],"_links":{"self":[{"href":"http:\/\/kindersprache.ch\/index.php\/wp-json\/wp\/v2\/pages\/22","targetHints":{"allow":["GET"]}}],"collection":[{"href":"http:\/\/kindersprache.ch\/index.php\/wp-json\/wp\/v2\/pages"}],"about":[{"href":"http:\/\/kindersprache.ch\/index.php\/wp-json\/wp\/v2\/types\/page"}],"author":[{"embeddable":true,"href":"http:\/\/kindersprache.ch\/index.php\/wp-json\/wp\/v2\/users\/1"}],"replies":[{"embeddable":true,"href":"http:\/\/kindersprache.ch\/index.php\/wp-json\/wp\/v2\/comments?post=22"}],"version-history":[{"count":11,"href":"http:\/\/kindersprache.ch\/index.php\/wp-json\/wp\/v2\/pages\/22\/revisions"}],"predecessor-version":[{"id":226,"href":"http:\/\/kindersprache.ch\/index.php\/wp-json\/wp\/v2\/pages\/22\/revisions\/226"}],"wp:attachment":[{"href":"http:\/\/kindersprache.ch\/index.php\/wp-json\/wp\/v2\/media?parent=22"}],"curies":[{"name":"wp","href":"https:\/\/api.w.org\/{rel}","templated":true}]}}