{"id":97,"date":"2015-09-06T20:24:01","date_gmt":"2015-09-06T18:24:01","guid":{"rendered":"http:\/\/dev.kindersprache.ch\/?page_id=97"},"modified":"2016-10-18T21:49:58","modified_gmt":"2016-10-18T19:49:58","slug":"kinderbuecher","status":"publish","type":"page","link":"http:\/\/kindersprache.ch\/index.php\/kinderbuecher\/","title":{"rendered":"Kinderb\u00fccher"},"content":{"rendered":"<p>Beim gemeinsamen Betrachten eines <strong>Bilderbuches<\/strong> sind das Kind und der Erwachsene nahe beieinander. Das Kind sp\u00fcrt die Vertrautheit und W\u00e4rme. In dieser Situation ist die Aufmerksamkeit beider auf ein gemeinsames Thema gerichtet und das Kind erh\u00e4lt die ganze Zuwendung.<\/p>\n<p>Im S\u00e4uglingsalter ist das Kind vor allem am Gegenstand und Material interessiert, so nimmt es beispielsweise B\u00fccher in den Mund.<br \/>\nMit zunehmender Entwicklung f\u00e4ngt das Kind an, sich f\u00fcr die Bilder zu interessieren. In dieser Phase wird das Benennen von Dingen wichtig. Zwischen dem Kind und dem Erwachsenen kann nun ein Gespr\u00e4ch entstehen:<\/p>\n<ul>\n<li>Das Kind zeigt auf einen Gegenstand und der Erwachsene benennt ihn<\/li>\n<li>Das Kind benennt einen Gegenstand und der Erwachsene gibt ihm R\u00fcckmeldungen dazu (z.B. fragt er nach, ruft erfreut aus, best\u00e4tigt das Kind oder stellt Zusammenh\u00e4nge zum Alltag her)<\/li>\n<\/ul>\n<p>&nbsp;<\/p>\n<p>Der Erwachsene passt sich im Gespr\u00e4ch intuitiv dem Entwicklungsstand des Kindes an. Die Sprechgeschwindigkeit ist langsam und die Aussprache deutlich. Die Stimme wird melodischer und heller. Forschungsergebnisse haben gezeigt, dass Eltern automatisch auf diese Technik (in der Fachsprache auch motherese genannt) zur\u00fcckgreifen. So kann das Kind viele neue W\u00f6rter lernen.<\/p>\n<p>Das Betrachten eines Bilderbuches bietet zudem eine gute M\u00f6glichkeit, Gespr\u00e4chsregeln, wie den Wechsel zwischen Zuh\u00f6ren und Erz\u00e4hlen, zu lernen.<br \/>\nDurch die Erfahrung mit B\u00fcchern lernt das Kind Zusammenh\u00e4nge zu erkennen und Abl\u00e4ufe zu verstehen. Dies ist eine Vorbereitung f\u00fcr das sp\u00e4tere Lesen und Schreiben. Die Erfahrung, dass durch Bilder und Schrift Geschichten vermittelt werden k\u00f6nnen, ist von grosser Bedeutung f\u00fcr das sp\u00e4tere Lese-\u00a0 und Schreibverhalten.<\/p>\n<p>In Bibliotheken finden Sie eine grosse Auswahl an B\u00fcchern zum Ausleihen f\u00fcr Kinder.<\/p>\n<p>In unserer\u00a0<a href=\"http:\/\/kindersprache.ch\/index.php\/linksammlung\/\">Linksammlung<\/a>\u00a0finden Sie Angaben zu weiteren Websites und Buchhandlungen.<\/p>\n<h3>B\u00fccherliste<\/h3>\n<div class=\"spaceAfterCP\"><span style=\"text-decoration: underline;\"><a href=\"http:\/\/kindersprache.ch\/wp-content\/uploads\/2015\/09\/Unknown-1.png\"><img loading=\"lazy\" decoding=\"async\" class=\"alignnone wp-image-259\" src=\"http:\/\/kindersprache.ch\/wp-content\/uploads\/2015\/09\/Unknown-1.png\" alt=\"Unknown-1\" width=\"20\" height=\"20\" \/><\/a><a href=\"http:\/\/kindersprache.ch\/wp-content\/uploads\/2015\/09\/B\u00fccherliste.pdf\">B\u00fccherliste<\/a><\/span>(PDF)<\/div>\n<div class=\"spaceAfterCP\"><\/div>\n<p><\/p>\n<div class=\"spaceBeforeCP\">\u00a0<a href=\"http:\/\/kindersprache.ch\/wp-content\/uploads\/2015\/09\/Frontseite-Lesen.jpg\"><img loading=\"lazy\" decoding=\"async\" class=\"alignnone size-medium wp-image-408\" src=\"http:\/\/kindersprache.ch\/wp-content\/uploads\/2015\/09\/Frontseite-Lesen-270x300.jpg\" alt=\"frontseite-lesen\" width=\"270\" height=\"300\" srcset=\"http:\/\/kindersprache.ch\/wp-content\/uploads\/2015\/09\/Frontseite-Lesen-270x300.jpg 270w, http:\/\/kindersprache.ch\/wp-content\/uploads\/2015\/09\/Frontseite-Lesen-768x854.jpg 768w, http:\/\/kindersprache.ch\/wp-content\/uploads\/2015\/09\/Frontseite-Lesen-315x350.jpg 315w, http:\/\/kindersprache.ch\/wp-content\/uploads\/2015\/09\/Frontseite-Lesen-90x100.jpg 90w, http:\/\/kindersprache.ch\/wp-content\/uploads\/2015\/09\/Frontseite-Lesen.jpg 800w\" sizes=\"auto, (max-width: 270px) 100vw, 270px\" \/><\/a><\/div>\n","protected":false},"excerpt":{"rendered":"<p>Beim gemeinsamen Betrachten eines Bilderbuches sind das Kind und der Erwachsene nahe beieinander. Das Kind sp\u00fcrt die Vertrautheit und W\u00e4rme. In dieser Situation ist die Aufmerksamkeit beider auf ein gemeinsames Thema gerichtet und das Kind erh\u00e4lt die ganze Zuwendung. Im S\u00e4uglingsalter ist das Kind vor allem am Gegenstand und Material interessiert, so nimmt es beispielsweise [&hellip;]<\/p>\n","protected":false},"author":1,"featured_media":0,"parent":0,"menu_order":0,"comment_status":"closed","ping_status":"closed","template":"","meta":{"footnotes":""},"class_list":["post-97","page","type-page","status-publish","hentry"],"_links":{"self":[{"href":"http:\/\/kindersprache.ch\/index.php\/wp-json\/wp\/v2\/pages\/97","targetHints":{"allow":["GET"]}}],"collection":[{"href":"http:\/\/kindersprache.ch\/index.php\/wp-json\/wp\/v2\/pages"}],"about":[{"href":"http:\/\/kindersprache.ch\/index.php\/wp-json\/wp\/v2\/types\/page"}],"author":[{"embeddable":true,"href":"http:\/\/kindersprache.ch\/index.php\/wp-json\/wp\/v2\/users\/1"}],"replies":[{"embeddable":true,"href":"http:\/\/kindersprache.ch\/index.php\/wp-json\/wp\/v2\/comments?post=97"}],"version-history":[{"count":8,"href":"http:\/\/kindersprache.ch\/index.php\/wp-json\/wp\/v2\/pages\/97\/revisions"}],"predecessor-version":[{"id":412,"href":"http:\/\/kindersprache.ch\/index.php\/wp-json\/wp\/v2\/pages\/97\/revisions\/412"}],"wp:attachment":[{"href":"http:\/\/kindersprache.ch\/index.php\/wp-json\/wp\/v2\/media?parent=97"}],"curies":[{"name":"wp","href":"https:\/\/api.w.org\/{rel}","templated":true}]}}