{"id":32,"date":"2015-08-31T21:36:01","date_gmt":"2015-08-31T19:36:01","guid":{"rendered":"http:\/\/dev.kindersprache.ch\/?page_id=32"},"modified":"2015-09-12T22:58:16","modified_gmt":"2015-09-12T20:58:16","slug":"eltern-foerdern-den-spracherwerb","status":"publish","type":"page","link":"https:\/\/kindersprache.ch\/index.php\/eltern-foerdern-den-spracherwerb\/","title":{"rendered":"Eltern f\u00f6rdern den Spracherwerb"},"content":{"rendered":"<p><strong>Was Eltern alles machen, um den Spracherwerb ihres Kindes zu f\u00f6rdern<\/strong><br \/>\nEltern sind von Natur aus die besten Sprachlehrer ihrer Kinder. Sie passen ihre Sprache und ihr Tun intuitiv dem Kind an.<br \/>\nIn allen Kulturen der Welt sprechen Eltern instinktiv auf eine besondere Art mit ihren Kindern und bauen so den Kontakt und das Miteinander auf.<\/p>\n<p><strong>Die unterst\u00fctzende Elternsprache<\/strong><br \/>\nDas Kind kn\u00fcpft seine ersten Kontakte zu den Eltern.<br \/>\nDiese ersten Erfahrungen sind die \u201eWiege der Sprache\u201c.<br \/>\nEltern f\u00f6rdern die Sprache ihrer Kinder, wie schon erw\u00e4hnt, instinktiv richtig.<br \/>\nEinige Grunds\u00e4tze m\u00f6chten wir hier dennoch erw\u00e4hnen:<\/p>\n<p><strong>Kinder brauchen N\u00e4he<\/strong><br \/>\nZuwendung und Blickkontakt geh\u00f6ren immer zu einem Gespr\u00e4ch.<br \/>\nDas gilt f\u00fcr kleine und grosse Kinder \u2013 und f\u00fcr Erwachsene ebenso.<br \/>\nBabys h\u00f6ren in nahen Situationen \u2013 beim Stillen, F\u00fcttern, Baden, Wickeln usw. \u2013 besonders gut zu.<\/p>\n<p><strong>Babystimme &#8211; Babysprache<\/strong><br \/>\nDie \u00fcberspitzte \u201eBabystimme\u201c macht Sinn.<br \/>\nDas Baby wird auf die Sprachmelodie aufmerksam und beginnt sie nachzuahmen.<br \/>\n\u201eBabysprache\u201c ist niedlich und nat\u00fcrlich f\u00fcr ein Baby, ein kleines Kind (sicher ab 18 Monaten)<br \/>\nist aber zu alt daf\u00fcr.<br \/>\nSprechen Sie dann lieber mit einfachen Worten als in \u201eBaby-Kauderwelsch\u201c (z.B. Hund statt Wauwau) mit Ihrem Kind.<\/p>\n<p><strong>Lieder und Verse<\/strong><br \/>\nRhythmus, Betonung und Klang regen das Sprachgef\u00fchl an.<br \/>\nAuch Krabbelverse und Reime sind hervorragende Mittel zur Sprachf\u00f6rderung.<\/p>\n<p><a href=\"http:\/\/kindersprache.ch\/index.php\/verse\/\">Verse und Reime<\/a><\/p>\n<p><strong>Einer spricht, der andere h\u00f6rt zu<\/strong><br \/>\nMachen Sie Pausen, wenn Sie mit Ihrem Kind sprechen. Warten Sie auf seine Reaktion.<br \/>\nZum Sprechen geh\u00f6rt der Wechsel: Einer spricht, der Andere h\u00f6rt zu und umgekehrt.<br \/>\nDies gilt auch wenn Ihr Kind noch nicht sprechen kann.<br \/>\nSeine Antwort besteht dann aus Lauten oder aus einem besonderen Gesichtsausdruck.<\/p>\n<p><strong>Geben Sie den Dingen Namen<\/strong><br \/>\nSagen Sie dem Kind den Namen des Gegenstandes, den es sieht oder in den H\u00e4nden hat.<br \/>\nErz\u00e4hlen Sie ihm, was Sie gerade vor seinen Augen tun, denken Sie laut.<br \/>\nDas Kind lernt Worte, in dem es sie oft genug im gleichen Zusammenhang h\u00f6rt.<\/p>\n<p><strong>Lauschen Sie mit Ihrem Kind<\/strong><br \/>\nErmuntern Sie Ihr Kind zum Hinh\u00f6ren.<br \/>\nLauschen Sie mit dem Kind der Rassel, der Klingel oder einfach den Ger\u00e4uschen der Umwelt.<br \/>\nSorgen Sie daf\u00fcr, dass das kleine Kind nicht st\u00e4ndiger \u201eGer\u00e4uschberieselung\u201c durch Radio und Fernsehen ausgesetzt ist. Das Kind versucht auch hier wichtige Ger\u00e4usche herauszufiltern und kann damit \u00fcberfordert werden.<\/p>\n<p><strong>Das Sprechen nicht abnehmen<\/strong><br \/>\nSobald Ihr Kind sich mitteilen kann, sollten Sie ihm nicht jeden Wunsch von den Augen ablesen.<br \/>\nGeben Sie ihm Zeit und helfen Sie ihm, damit es Ihnen seinen Wunsch sagen oder zeigen kann.<\/p>\n<p><strong>H\u00f6ren Sie Ihrem Kind zu<\/strong><br \/>\nNehmen Sie Ihr Kind ernst, wenn es Ihnen etwas erz\u00e4hlen m\u00f6chte.<br \/>\nSehen Sie ihm in die Augen.<br \/>\nLassen Sie ihm gen\u00fcgend Zeit.<br \/>\nZeigen Sie Interesse.<\/p>\n<p><strong>Verbessern \u2013 aber wie?<\/strong><br \/>\nEs bringt nichts, wenn Ihr Kind ein Wort \u201enoch einmal richtig sagen\u201c soll.<br \/>\nDas Kind wird das Wort richtig sagen, wenn es in seiner Entwicklung soweit ist.<br \/>\nIm schlimmsten Fall kann es durch das \u201erichtig sagen sollen\u201c unter Druck geraten.<br \/>\nWiederholen Sie stattdessen das Wort, das noch falsch ist:<\/p>\n<p>Kind: \u201eFant!\u201c<br \/>\nErwachsener: \u201eJa, ein Elefant!\u201c<br \/>\nDas Kind h\u00f6rt somit, wie das Wort richtig klingt.<br \/>\nEs wird das Wort wie alle anderen aussprechen, wenn die Zeit daf\u00fcr reif ist.<\/p>\n<p><strong>Das Sprachvorbild<\/strong><br \/>\nSprechen Sie deutlich und langsam.<br \/>\nDas Kind hat dadurch genug Zeit, das Geh\u00f6rte zu verarbeiten.<br \/>\nUnd am Wichtigsten: Haben Sie Spass beim Sprechen! Was lustig ist, lernt man gerne.<\/p>\n<p>Kinder lernen voneinander \u2013 f\u00f6rdern Sie Kontakte mit Gleichaltrigen!<br \/>\nMit Ritualen (Gutenachtvers, Schlaflied, Tr\u00f6stelied&#8230;) k\u00f6nnen Sie Ihrem Kind sowohl Sprache, als auch Sicherheit vermitteln.<\/p>\n<p><strong>Sie helfen Ihrem Kind wenn Sie:<\/strong><\/p>\n<p>Ermutigen und loben statt zu kritisieren.<br \/>\n<span style=\"line-height: 1.5;\">Akzeptieren statt vergleichen.<br \/>\n<\/span><span style=\"line-height: 1.5;\">Das Wort selber richtig wiederholen statt es vom Kind &#8222;richtig sagen&#8220; zu lassen.<br \/>\n<\/span><span style=\"line-height: 1.5;\">Zeit lassen statt zu dr\u00e4ngen.<br \/>\n<\/span><span style=\"line-height: 1.5;\">Zuh\u00f6ren, aussprechen lassen und nachfragen statt ins Wort zu fallen.<br \/>\n<\/span><span style=\"line-height: 1.5;\">Miteinander spielen und sprechen statt zu \u00fcben.<br \/>\n<\/span><span style=\"line-height: 1.5;\">Klar und einfach sprechen (nicht zu viel auf ein Mal).<br \/>\n<\/span><span style=\"line-height: 1.5;\">Zuh\u00f6ren, was das Kind zu sagen hat statt auf Sprechfehler zu achten.<\/span><\/p>\n<p>Dies ist im Umgang mit allen Kindern wichtig.<br \/>\nGerade ein Kind, das Sprachprobleme hat, ist besonders darauf angewiesen, dass es nicht unter Druck gesetzt wird. Es soll etwas erz\u00e4hlen d\u00fcrfen, ohne immer korrigiert zu werden.<\/p>\n<p>Es kommt darauf an, WAS das Kind Ihnen mitteilen m\u00f6chte und nicht WIE es dies tut!<\/p>\n<p>Besser zusammen lachen, als alles richtig machen!<\/p>\n<p>Spissi spassi Casperladi<br \/>\nHicki hacki Carbonadi<br \/>\nTrenschi transchi Appetiti<br \/>\nFressi frassi fetti fitti<\/p>\n<p>&nbsp;<\/p>\n<p>&nbsp;<\/p>\n","protected":false},"excerpt":{"rendered":"<p>Was Eltern alles machen, um den Spracherwerb ihres Kindes zu f\u00f6rdern Eltern sind von Natur aus die besten Sprachlehrer ihrer Kinder. Sie passen ihre Sprache und ihr Tun intuitiv dem Kind an. In allen Kulturen der Welt sprechen Eltern instinktiv auf eine besondere Art mit ihren Kindern und bauen so den Kontakt und das Miteinander [&hellip;]<\/p>\n","protected":false},"author":1,"featured_media":0,"parent":0,"menu_order":0,"comment_status":"closed","ping_status":"closed","template":"","meta":{"footnotes":""},"class_list":["post-32","page","type-page","status-publish","hentry"],"_links":{"self":[{"href":"https:\/\/kindersprache.ch\/index.php\/wp-json\/wp\/v2\/pages\/32","targetHints":{"allow":["GET"]}}],"collection":[{"href":"https:\/\/kindersprache.ch\/index.php\/wp-json\/wp\/v2\/pages"}],"about":[{"href":"https:\/\/kindersprache.ch\/index.php\/wp-json\/wp\/v2\/types\/page"}],"author":[{"embeddable":true,"href":"https:\/\/kindersprache.ch\/index.php\/wp-json\/wp\/v2\/users\/1"}],"replies":[{"embeddable":true,"href":"https:\/\/kindersprache.ch\/index.php\/wp-json\/wp\/v2\/comments?post=32"}],"version-history":[{"count":5,"href":"https:\/\/kindersprache.ch\/index.php\/wp-json\/wp\/v2\/pages\/32\/revisions"}],"predecessor-version":[{"id":233,"href":"https:\/\/kindersprache.ch\/index.php\/wp-json\/wp\/v2\/pages\/32\/revisions\/233"}],"wp:attachment":[{"href":"https:\/\/kindersprache.ch\/index.php\/wp-json\/wp\/v2\/media?parent=32"}],"curies":[{"name":"wp","href":"https:\/\/api.w.org\/{rel}","templated":true}]}}