{"id":36,"date":"2015-08-31T21:36:58","date_gmt":"2015-08-31T19:36:58","guid":{"rendered":"http:\/\/dev.kindersprache.ch\/?page_id=36"},"modified":"2015-09-07T21:28:01","modified_gmt":"2015-09-07T19:28:01","slug":"sprachstoerungen","status":"publish","type":"page","link":"https:\/\/kindersprache.ch\/index.php\/sprachstoerungen\/","title":{"rendered":"Sprachst\u00f6rungen"},"content":{"rendered":"<p>Liebe Leser<br \/>\nUnter dem Titel Sprachst\u00f6rungen m\u00f6chten wir aufzeigen, welche Schwierigkeiten bei Kindern im Spracherwerb auftreten k\u00f6nnen. Wir sprechen dabei von Sprachst\u00f6rungen, weil der Spracherwerb durch diese Schwierigkeiten beeintr\u00e4chtigt wird. Es ist allerdings immer schwierig zu beurteilen, wann eine Auff\u00e4lligkeit noch im &#8222;normalen&#8220; Rahmen der Entwicklung liegt und wann man von einer verz\u00f6gerten Entwicklung oder einer St\u00f6rung der Sprachentwicklung spricht.<br \/>\nHier zeigen sich auch die Grenzen dieser Website. Die Website soll Informationen, F\u00f6rderideen und Hinweise f\u00fcr m\u00f6gliche St\u00f6rungen bieten.<\/p>\n<p>Die Website ist aber keinesfalls ein Ersatz f\u00fcr eine pers\u00f6nliche Beratung oder eine Beurteilung durch eine Fachperson. Sie kann auch keine Diagnose stellen oder eine Therapie ersetzen.<\/p>\n<p>Die verschiedenen St\u00f6rungsbilder werden in ihrer Art beschrieben. Auch finden Sie zum jeweiligen St\u00f6rungsbild ein Tonbeispiel. F\u00f6rderideen und Tipps sind ebenfalls auf der Seite zu finden.<\/p>\n<p>Die beschriebenen St\u00f6rungen sollten beispielhaft verstanden werden. Die gleiche St\u00f6rung kann sich bei verschiedenen Kindern unterschiedlich \u00e4ussern!<\/p>\n<p>Wenn Sie verunsichert sind und\/ oder den Verdacht haben, Ihr Kind k\u00f6nne unter einer oder mehreren der beschriebenen Schwierigkeiten leiden, so kontaktieren Sie eine Logop\u00e4din\/ einen Logop\u00e4den und lassen Sie sich pers\u00f6nlich beraten.<\/p>\n<ul class=\"articleLinkInternal\">\n<li class=\"teaser\"><a href=\"http:\/\/kindersprache.ch\/index.php\/adressen-von-fachstellen\/\">Adressen von Fachstellen<\/a><\/li>\n<\/ul>\n","protected":false},"excerpt":{"rendered":"<p>Liebe Leser Unter dem Titel Sprachst\u00f6rungen m\u00f6chten wir aufzeigen, welche Schwierigkeiten bei Kindern im Spracherwerb auftreten k\u00f6nnen. Wir sprechen dabei von Sprachst\u00f6rungen, weil der Spracherwerb durch diese Schwierigkeiten beeintr\u00e4chtigt wird. Es ist allerdings immer schwierig zu beurteilen, wann eine Auff\u00e4lligkeit noch im &#8222;normalen&#8220; Rahmen der Entwicklung liegt und wann man von einer verz\u00f6gerten Entwicklung oder [&hellip;]<\/p>\n","protected":false},"author":1,"featured_media":0,"parent":0,"menu_order":0,"comment_status":"closed","ping_status":"closed","template":"","meta":{"footnotes":""},"class_list":["post-36","page","type-page","status-publish","hentry"],"_links":{"self":[{"href":"https:\/\/kindersprache.ch\/index.php\/wp-json\/wp\/v2\/pages\/36","targetHints":{"allow":["GET"]}}],"collection":[{"href":"https:\/\/kindersprache.ch\/index.php\/wp-json\/wp\/v2\/pages"}],"about":[{"href":"https:\/\/kindersprache.ch\/index.php\/wp-json\/wp\/v2\/types\/page"}],"author":[{"embeddable":true,"href":"https:\/\/kindersprache.ch\/index.php\/wp-json\/wp\/v2\/users\/1"}],"replies":[{"embeddable":true,"href":"https:\/\/kindersprache.ch\/index.php\/wp-json\/wp\/v2\/comments?post=36"}],"version-history":[{"count":2,"href":"https:\/\/kindersprache.ch\/index.php\/wp-json\/wp\/v2\/pages\/36\/revisions"}],"predecessor-version":[{"id":180,"href":"https:\/\/kindersprache.ch\/index.php\/wp-json\/wp\/v2\/pages\/36\/revisions\/180"}],"wp:attachment":[{"href":"https:\/\/kindersprache.ch\/index.php\/wp-json\/wp\/v2\/media?parent=36"}],"curies":[{"name":"wp","href":"https:\/\/api.w.org\/{rel}","templated":true}]}}