{"id":6,"date":"2015-08-31T21:24:56","date_gmt":"2015-08-31T19:24:56","guid":{"rendered":"http:\/\/dev.kindersprache.ch\/?page_id=6"},"modified":"2015-09-12T22:15:47","modified_gmt":"2015-09-12T20:15:47","slug":"was-ist-logopaedie","status":"publish","type":"page","link":"https:\/\/kindersprache.ch\/index.php\/was-ist-logopaedie\/","title":{"rendered":"Was ist Logop\u00e4die?"},"content":{"rendered":"<p>Logop\u00e4die ist Sprachtherapie. In der logop\u00e4dischen Arbeit werden unter anderem folgende Schwierigkeiten behandelt:<\/p>\n<ul>\n<li>Sprachst\u00f6rungen (z.B. Sprachverst\u00e4ndnisschwierigkeiten, Schwierigkeiten in der Grammatik der gesprochenen Sprache, ein zu kleiner oder schlecht abrufbarer Wortschatz&#8230;)<\/li>\n<li>Sprechst\u00f6rungen (z.B. einzelne Laute nicht aussprechen k\u00f6nnen, stottern&#8230;)<\/li>\n<li>Lese-Rechtschreibst\u00f6rungen<\/li>\n<li>Pragmatisch- kommunikative St\u00f6rungen (z.B. Schwierigkeiten im Umgang mit verbalen und nonverbalen Signalen).<\/li>\n<li>Stimmst\u00f6rungen (z.B. lang andauernde Heiserkeit)<\/li>\n<li>Mundmotorische St\u00f6rungen (z.B. Bewegungsst\u00f6rungen des Mundraumes)<\/li>\n<li>Schluckst\u00f6rungen<\/li>\n<\/ul>\n<p>Die logop\u00e4dische Therapie steht Kindern, Jugendlichen und Erwachsenen mit Sprach- und Sprechproblemen zur Verf\u00fcgung.<br \/>\nLogop\u00e4dinnen sind an Schulen, in Praxen, in Spit\u00e4lern und an Rehabilitationskliniken t\u00e4tig.<br \/>\nEine Therapeutin oder einen Therapeuten aufzusuchen bedeutet nicht unbedingt, dass eine Therapie eingeleitet wird. Vielmehr wird abgekl\u00e4rt, ob Grund zur Sorge besteht und wie weiter vorgegangen werden kann.<\/p>\n<p>Auf der Website\u00a0<a href=\"http:\/\/www.logopaedie.ch\/\" target=\"_blank\">www.logopaedie.ch<\/a>\u00a0finden Sie eine ausf\u00fchrliche Beschreibung der logop\u00e4dischen Arbeit.<\/p>\n","protected":false},"excerpt":{"rendered":"<p>Logop\u00e4die ist Sprachtherapie. In der logop\u00e4dischen Arbeit werden unter anderem folgende Schwierigkeiten behandelt: Sprachst\u00f6rungen (z.B. Sprachverst\u00e4ndnisschwierigkeiten, Schwierigkeiten in der Grammatik der gesprochenen Sprache, ein zu kleiner oder schlecht abrufbarer Wortschatz&#8230;) Sprechst\u00f6rungen (z.B. einzelne Laute nicht aussprechen k\u00f6nnen, stottern&#8230;) Lese-Rechtschreibst\u00f6rungen Pragmatisch- kommunikative St\u00f6rungen (z.B. Schwierigkeiten im Umgang mit verbalen und nonverbalen Signalen). Stimmst\u00f6rungen (z.B. lang andauernde [&hellip;]<\/p>\n","protected":false},"author":1,"featured_media":0,"parent":0,"menu_order":0,"comment_status":"closed","ping_status":"closed","template":"","meta":{"footnotes":""},"class_list":["post-6","page","type-page","status-publish","hentry"],"_links":{"self":[{"href":"https:\/\/kindersprache.ch\/index.php\/wp-json\/wp\/v2\/pages\/6","targetHints":{"allow":["GET"]}}],"collection":[{"href":"https:\/\/kindersprache.ch\/index.php\/wp-json\/wp\/v2\/pages"}],"about":[{"href":"https:\/\/kindersprache.ch\/index.php\/wp-json\/wp\/v2\/types\/page"}],"author":[{"embeddable":true,"href":"https:\/\/kindersprache.ch\/index.php\/wp-json\/wp\/v2\/users\/1"}],"replies":[{"embeddable":true,"href":"https:\/\/kindersprache.ch\/index.php\/wp-json\/wp\/v2\/comments?post=6"}],"version-history":[{"count":2,"href":"https:\/\/kindersprache.ch\/index.php\/wp-json\/wp\/v2\/pages\/6\/revisions"}],"predecessor-version":[{"id":220,"href":"https:\/\/kindersprache.ch\/index.php\/wp-json\/wp\/v2\/pages\/6\/revisions\/220"}],"wp:attachment":[{"href":"https:\/\/kindersprache.ch\/index.php\/wp-json\/wp\/v2\/media?parent=6"}],"curies":[{"name":"wp","href":"https:\/\/api.w.org\/{rel}","templated":true}]}}