{"id":65,"date":"2015-09-06T20:17:26","date_gmt":"2015-09-06T18:17:26","guid":{"rendered":"http:\/\/dev.kindersprache.ch\/?page_id=65"},"modified":"2016-10-18T21:14:12","modified_gmt":"2016-10-18T19:14:12","slug":"wortfindungsstoerungen","status":"publish","type":"page","link":"https:\/\/kindersprache.ch\/index.php\/wortfindungsstoerungen\/","title":{"rendered":"Wortfindungsst\u00f6rungen"},"content":{"rendered":"<p>Wenn einem Kind h\u00e4ufig die W\u00f6rter fehlen, spricht man von einer Wortfindungsst\u00f6rung. Dabei kann der Wortabruf und \/ oder die Wortspeicherung betroffen sein.<\/p>\n<p>Bei Wortabrufschwierigkeiten kann das Kind ihm bekannte W\u00f6rter nicht produzieren.<\/p>\n<p>Bei Wortspeicherschwierigkeiten kann das Kind neue Begriffe nur erschwert abspeichern.<\/p>\n<p>Das Sprachverst\u00e4ndnis kann von einer Wortfindungsst\u00f6rung beeintr\u00e4chtigt werden.<\/p>\n<p>M\u00f6gliche Anzeichen einer Wortfindungsst\u00f6rung:<\/p>\n<ul>\n<li>Das Kind hilft sich beim Reden sehr oft\u00a0 mit Ersatzw\u00f6rtern (z.B. \u201eDings\u201c, \u201edas da\u201c, \u201eso wie\u201c) weiter<\/li>\n<li>Das Kind verwechselt \u00e4hnliche Begriffe (z.B. \u201eGabel\u201c zum L\u00f6ffel oder \u201eApfel\u201c zur Birne)<\/li>\n<li>Das Kind verwechselt \u00e4hnlich klingende W\u00f6rter (z.B. &#8222;Tasche&#8220; zu Tasse)<\/li>\n<li>Das Kind bildet neue Wortformen (z.B. &#8222;Nudelw\u00e4rmer&#8220; f\u00fcr Pfanne)<\/li>\n<li>Die Bildung von Ober- und Unterbegriffen ist erschwert (z.B. alle Fahrzeuge sind Autos)<\/li>\n<li>Kleine Unterschiede (z.B. hart\/ rauh, klettern\/ kriechen) k\u00f6nnen f\u00fcr das Kind schwierig zu verstehen sein<\/li>\n<\/ul>\n<p>M\u00f6gliche Ursachen einer Wortfindungsst\u00f6rung:<\/p>\n<ul>\n<li>Zu wenig Spiel- und Spracherfahrungen und mangelnde Interaktion mit der Umwelt (ein Kind lernt neue W\u00f6rter durch Handeln und Spielen; so begreift es seine Umwelt)<\/li>\n<li>Schwierigkeiten mit der Konzentration und dem Ged\u00e4chtnis<\/li>\n<li>Schlechtes H\u00f6rverm\u00f6gen<\/li>\n<li>Wahrnehmungsschwierigkeiten<\/li>\n<\/ul>\n<p>&nbsp;<\/p>\n<p><strong>Wie kann ich dem Kind helfen?<\/strong><\/p>\n<ul>\n<li>Eine Beratung bei der Logop\u00e4din\/ beim Logop\u00e4den ist empfehlenswert.<\/li>\n<li>Kochen und Basteln Sie mit dem Kind.<\/li>\n<li>Sprechen Sie mit ihm \u00fcber gemeinsame Erlebnisse.<\/li>\n<li>Wenn das Kind ein Wort nicht weiss, ermuntern Sie es dazu, das Wort zu umschreiben (z.B. &#8222;es ist rund, w\u00e4chst an einem Baum, man kann es essen&#8230;&#8220;)<\/li>\n<li>Das Kind an allt\u00e4glichen Handlungen teilnehmen lassen; Hausarbeiten erledigen, Einkaufen, handwerkliche T\u00e4tigkeiten (s\u00e4gen, h\u00e4mmern&#8230;) ausf\u00fchren, Gartenarbeit<\/li>\n<li>Erm\u00f6glichen Sie dem Kind Erfahrungen mit verschiedensten Materialien. Je mehr Erfahrungen Kinder mit H\u00f6ren, Sehen, Tasten, F\u00fchlen, Schmecken, Riechen und Bewegung machen k\u00f6nnen, desto einfacher kann es die Sprache erwerben.<\/li>\n<li>Benennen Sie h\u00e4ufig gezielt Handlungen (z.B. \u201eIch nehme den Ball, du nimmst den W\u00fcrfel\u201c).<\/li>\n<\/ul>\n<div class=\"spaceBeforeCP\"><\/div>\n<h4><\/h4>\n<h4>Weitere Informationen dazu finden Sie unter diesen Links:<\/h4>\n<ul class=\"articleLinkInternal\">\n<li class=\"teaser\"><a href=\"http:\/\/kindersprache.ch\/index.php\/kochen\/\">Kochen<\/a><\/li>\n<li class=\"teaser\"><a href=\"http:\/\/kindersprache.ch\/index.php\/basteln\/\">Basteln<\/a><\/li>\n<\/ul>\n<ul class=\"articleLinkInternal\">\n<li class=\"teaser\"><a href=\"http:\/\/kindersprache.ch\/index.php\/eltern-foerdern-den-spracherwerb\/\">Eltern f\u00f6rdern den Spracherwerb<\/a><\/li>\n<\/ul>\n<div class=\"spaceAfterCP\"><\/div>\n<div class=\"spaceBeforeCP\"><\/div>\n<h4><\/h4>\n<h4>H\u00f6rbeispiel Wortfindungsst\u00f6rung<\/h4>\n<p><iframe loading=\"lazy\" width=\"100%\" height=\"166\" scrolling=\"no\" frameborder=\"no\" src=\"https:\/\/w.soundcloud.com\/player\/?url=https%3A\/\/api.soundcloud.com\/tracks\/288866118%3Fsecret_token%3Ds-bRIJO&amp;color=ff5500&amp;auto_play=false&amp;hide_related=false&amp;show_comments=true&amp;show_user=true&amp;show_reposts=false\"><\/iframe><\/p>\n","protected":false},"excerpt":{"rendered":"<p>Wenn einem Kind h\u00e4ufig die W\u00f6rter fehlen, spricht man von einer Wortfindungsst\u00f6rung. Dabei kann der Wortabruf und \/ oder die Wortspeicherung betroffen sein. Bei Wortabrufschwierigkeiten kann das Kind ihm bekannte W\u00f6rter nicht produzieren. Bei Wortspeicherschwierigkeiten kann das Kind neue Begriffe nur erschwert abspeichern. Das Sprachverst\u00e4ndnis kann von einer Wortfindungsst\u00f6rung beeintr\u00e4chtigt werden. M\u00f6gliche Anzeichen einer Wortfindungsst\u00f6rung: [&hellip;]<\/p>\n","protected":false},"author":1,"featured_media":0,"parent":0,"menu_order":0,"comment_status":"closed","ping_status":"closed","template":"","meta":{"footnotes":""},"class_list":["post-65","page","type-page","status-publish","hentry"],"_links":{"self":[{"href":"https:\/\/kindersprache.ch\/index.php\/wp-json\/wp\/v2\/pages\/65","targetHints":{"allow":["GET"]}}],"collection":[{"href":"https:\/\/kindersprache.ch\/index.php\/wp-json\/wp\/v2\/pages"}],"about":[{"href":"https:\/\/kindersprache.ch\/index.php\/wp-json\/wp\/v2\/types\/page"}],"author":[{"embeddable":true,"href":"https:\/\/kindersprache.ch\/index.php\/wp-json\/wp\/v2\/users\/1"}],"replies":[{"embeddable":true,"href":"https:\/\/kindersprache.ch\/index.php\/wp-json\/wp\/v2\/comments?post=65"}],"version-history":[{"count":7,"href":"https:\/\/kindersprache.ch\/index.php\/wp-json\/wp\/v2\/pages\/65\/revisions"}],"predecessor-version":[{"id":383,"href":"https:\/\/kindersprache.ch\/index.php\/wp-json\/wp\/v2\/pages\/65\/revisions\/383"}],"wp:attachment":[{"href":"https:\/\/kindersprache.ch\/index.php\/wp-json\/wp\/v2\/media?parent=65"}],"curies":[{"name":"wp","href":"https:\/\/api.w.org\/{rel}","templated":true}]}}