{"id":75,"date":"2015-09-06T20:19:05","date_gmt":"2015-09-06T18:19:05","guid":{"rendered":"http:\/\/dev.kindersprache.ch\/?page_id=75"},"modified":"2016-10-18T21:23:34","modified_gmt":"2016-10-18T19:23:34","slug":"stimmstoerungen-naeseln","status":"publish","type":"page","link":"https:\/\/kindersprache.ch\/index.php\/stimmstoerungen-naeseln\/","title":{"rendered":"Stimmst\u00f6rungen \/ N\u00e4seln"},"content":{"rendered":"<p>Von einer Stimmst\u00f6rung spricht man, wenn eine Heiserkeit und Sprechanstrengung besteht, ohne dass eine Erk\u00e4ltung die Ursache ist. Je l\u00e4nger die stimmliche Auff\u00e4lligkeit andauert, desto eher ist eine Stimmtherapie angebracht. Bei einer Stimmtherapie ist die Zusammenarbeit von Eltern und Kind mit der Therapeutin\/ dem Therapeuten Voraussetzung.<\/p>\n<p>Ursachen von Stimmst\u00f6rungen k\u00f6nnen sehr verschieden sein. Neben dem Bereich des fehlerhaften Stimmgebrauchs k\u00f6nnen auch psychische Faktoren eine Rolle spielen. Oft \u00fcberschneiden sich mehrere Ursachen.<\/p>\n<p>Beispiele von Ursachen:<\/p>\n<ul>\n<li>H\u00f6rst\u00f6rungen k\u00f6nnen dazu f\u00fchren, dass das Kind seine Stimme nicht richtig wahrnimmt und sie so falsch einsetzt<\/li>\n<li>Nachahmung von ung\u00fcnstigen Stimmvorbildern (z.B. manche Comicfiguren aus Trickfilmen)<\/li>\n<li>Ein hoher L\u00e4rmpegel im Kindergarten, in der Schule oder zu Hause<\/li>\n<li>Stress durch Leistungsanforderungen oder Konflikte k\u00f6nnen zu einer allgemeinen \u00dcberspannung f\u00fchren<\/li>\n<li>Um mehr Aufmerksamkeit zu bekommmmen, kann ein Kind lauter sprechen und so die Stimme falsch einsetzen<\/li>\n<li>Freizeitverhalten im Sport (z.B. sehr viel Schreien beim Fussball, Eishockey&#8230;)<\/li>\n<\/ul>\n<p>&nbsp;<\/p>\n<p><strong>Wie kann ich meinem Kind helfen?<\/strong><\/p>\n<p>Das tut der Stimme gut:<\/p>\n<p><em>Nicht zu viel fl\u00fcstern<br \/>\n<\/em>Auch wenn das Kind heiser ist, sollte es am besten normal laut weitersprechen<\/p>\n<div><em>Nicht zu viel r\u00e4uspern<\/em><\/div>\n<div>Das Kind sollte lieber etwas trinken oder leicht Husten. Eine gute \u00dcbung ist auch, die Brust, wie ein Affe, abzuklopfen und dabei \u201emmmmmhhh&#8230;\u201c zu summen<br \/>\n<em>\u00a0<\/em><\/div>\n<div><em>Nicht zu viel schreien<\/em><\/div>\n<div>Statt nach den Freunden zu rufen, kann das Kind ihnen vielleicht auch pfeifen oder zu<\/div>\n<div>\n<p>ihnen hingehen<\/p>\n<p><em>Mit normal lauter Stimme sprechen<br \/>\n<\/em>Das Kind soll versuchen, andere nicht zu \u00fcbert\u00f6nen<\/p>\n<p><em>Viel und mit weit offenem Mund g\u00e4hnen<\/em><\/p>\n<p>Das Kind soll beim Singen nicht zu laut singen und wenn n\u00f6tig die hohen T\u00f6ne weglassen<\/p>\n<p>Viel, aber nicht zu kalte Getr\u00e4nke trinken<\/p>\n<p>Darauf achten, dass die Luftfeuchtigkeit in den Wohnr\u00e4umen nicht zu tief ist<\/p>\n<\/div>\n<div>(Luftbefeuchter und keine offenen Fenster im Winter).<\/div>\n<div><\/div>\n<div><\/div>\n<p><b><br \/>\n<\/b><\/p>\n<h4><\/h4>\n<h4>H\u00f6rbeispiele Stimmst\u00f6rungen<\/h4>\n<p><iframe loading=\"lazy\" src=\"https:\/\/w.soundcloud.com\/player\/?url=https%3A\/\/api.soundcloud.com\/tracks\/288867396%3Fsecret_token%3Ds-nB5Fp&amp;color=ff5500&amp;auto_play=false&amp;hide_related=false&amp;show_comments=true&amp;show_user=true&amp;show_reposts=false\" width=\"100%\" height=\"166\" frameborder=\"no\" scrolling=\"no\"><\/iframe><\/p>\n<p><iframe loading=\"lazy\" src=\"https:\/\/w.soundcloud.com\/player\/?url=https%3A\/\/api.soundcloud.com\/tracks\/288867451%3Fsecret_token%3Ds-Oxzpq&amp;color=ff5500&amp;auto_play=false&amp;hide_related=false&amp;show_comments=true&amp;show_user=true&amp;show_reposts=false\" width=\"100%\" height=\"166\" frameborder=\"no\" scrolling=\"no\"><\/iframe><\/p>\n<p><b>N\u00e4seln<\/b><\/p>\n<p>Das N\u00e4seln wird auch als Stimmst\u00f6rung bezeichnet. Es gibt zwei Formen:<br \/>\nBeim offenen N\u00e4seln entweicht zu viel, beim geschlossenen N\u00e4seln entweicht zu wenig Luft durch die Nase.<br \/>\nDie Ursachen k\u00f6nnen organisch (d.h. aufgrund einer k\u00f6rperlichen Einschr\u00e4nkung, z.B. einer Lippen &#8211; Kiefer- Gaumenspalte) oder funktionell (falscher Gebrauch) sein. H\u00e4ufig ist das Gaumensegel beeintr\u00e4chtigt, Saug- und Puste\u00fcbungen helfen, dieses zu aktivieren und zu st\u00e4rken.<\/p>\n<p>Auff\u00e4lligkeiten beim N\u00e4seln k\u00f6nnen sein:<\/p>\n<ul>\n<li>Das Kind atmet h\u00e4ufig durch den Mund<\/li>\n<li>Das Kind atmet in der Nacht h\u00f6rbar oder schnarcht<\/li>\n<li>Es ist anf\u00e4llig f\u00fcr Erk\u00e4ltungen<\/li>\n<li>Beim Trinken tritt vereinzelt Fl\u00fcssigkeit durch die Nase aus<\/li>\n<li>Die Sprechweise klingt verwaschen und undeutlich<\/li>\n<\/ul>\n<p><strong><br \/>\nWie kann ich meinem Kind helfen<\/strong><\/p>\n<ul>\n<li>Saugen: Mit unterschiedlichen Strohhalmen trinken, Spaghettis ansaugen, mit oder ohne Strohhalm verschiedene Materialien ansaugen (z.B. Kn\u00f6pfe, Maltesers&#8230;)<\/li>\n<li>Pusten: Kerzen, Wattebausch, Seifenblasen, Pfeifen, mit oder ohne Strohalm blasen, Luftballon aufblasen<\/li>\n<li>Riechen: An verschiedenen Dingen riechen, wie z.B. an Blumen, Parfums, Lebensmittel<\/li>\n<\/ul>\n","protected":false},"excerpt":{"rendered":"<p>Von einer Stimmst\u00f6rung spricht man, wenn eine Heiserkeit und Sprechanstrengung besteht, ohne dass eine Erk\u00e4ltung die Ursache ist. Je l\u00e4nger die stimmliche Auff\u00e4lligkeit andauert, desto eher ist eine Stimmtherapie angebracht. Bei einer Stimmtherapie ist die Zusammenarbeit von Eltern und Kind mit der Therapeutin\/ dem Therapeuten Voraussetzung. Ursachen von Stimmst\u00f6rungen k\u00f6nnen sehr verschieden sein. Neben dem [&hellip;]<\/p>\n","protected":false},"author":1,"featured_media":0,"parent":0,"menu_order":0,"comment_status":"closed","ping_status":"closed","template":"","meta":{"footnotes":""},"class_list":["post-75","page","type-page","status-publish","hentry"],"_links":{"self":[{"href":"https:\/\/kindersprache.ch\/index.php\/wp-json\/wp\/v2\/pages\/75","targetHints":{"allow":["GET"]}}],"collection":[{"href":"https:\/\/kindersprache.ch\/index.php\/wp-json\/wp\/v2\/pages"}],"about":[{"href":"https:\/\/kindersprache.ch\/index.php\/wp-json\/wp\/v2\/types\/page"}],"author":[{"embeddable":true,"href":"https:\/\/kindersprache.ch\/index.php\/wp-json\/wp\/v2\/users\/1"}],"replies":[{"embeddable":true,"href":"https:\/\/kindersprache.ch\/index.php\/wp-json\/wp\/v2\/comments?post=75"}],"version-history":[{"count":7,"href":"https:\/\/kindersprache.ch\/index.php\/wp-json\/wp\/v2\/pages\/75\/revisions"}],"predecessor-version":[{"id":385,"href":"https:\/\/kindersprache.ch\/index.php\/wp-json\/wp\/v2\/pages\/75\/revisions\/385"}],"wp:attachment":[{"href":"https:\/\/kindersprache.ch\/index.php\/wp-json\/wp\/v2\/media?parent=75"}],"curies":[{"name":"wp","href":"https:\/\/api.w.org\/{rel}","templated":true}]}}